{"id":170,"date":"2024-06-10T09:11:33","date_gmt":"2024-06-10T09:11:33","guid":{"rendered":"https:\/\/iptv-flash.com\/?post_type=product&#038;p=170"},"modified":"2025-01-02T22:40:25","modified_gmt":"2025-01-02T22:40:25","slug":"iptv-platinum-3-ay","status":"publish","type":"product","link":"https:\/\/iptv-flash.com\/tr\/urun\/iptv-platinum-3-ay\/","title":{"rendered":"IPTV PLATINUM - \u00c7oklu Cihaz (3 Cihaz) - 3 Ay"},"content":{"rendered":"<ul>\n<li><strong>Premium E\u011flence:<\/strong> Canl\u0131 spor, film ve \u00f6zel TV \u015fovlar\u0131 da dahil olmak \u00fczere \u00e7ok \u00e7e\u015fitli kanallara eri\u015fin.<\/li>\n<li><strong>\u00c7oklu Cihaz Ak\u0131\u015f\u0131:<\/strong> Y\u00fcksek kaliteli i\u00e7eri\u011fi en fazla <strong>ayn\u0131 anda \u00fc\u00e7 cihaz.<\/strong> \ufe0f<\/li>\n<li><strong>Esnek Abonelik:<\/strong> Uzun vadeli taahh\u00fctler olmadan bir ayl\u0131k e\u011flencenin tad\u0131n\u0131 \u00e7\u0131kar\u0131n.<\/li>\n<li><strong>Kolay Kurulum:<\/strong> H\u0131zl\u0131 ve kullan\u0131c\u0131 dostu kurulum, hemen izlemeye ba\u015flaman\u0131z\u0131 sa\u011flar.<\/li>\n<li><strong>Sorunsuz Ak\u0131\u015f:<\/strong> Minimum ara belle\u011fe alma ile sorunsuz, kesintisiz g\u00f6r\u00fcnt\u00fcleme deneyimi ya\u015fay\u0131n. \u2728<\/li>\n<li><strong>G\u00fcvenli Ba\u011flant\u0131lar:<\/strong> \u015eifrelenmi\u015f ak\u0131\u015flar gizlili\u011finizi ve verilerinizi korur. \ufe0f\u200d\ufe0f<\/li>\n<li><strong>S\u0131n\u0131rs\u0131z Eri\u015fim:<\/strong> T\u00fcm kanallara, filmlere ve dizilere s\u0131n\u0131rs\u0131z eri\u015fimin keyfini \u00e7\u0131kar\u0131n.<\/li>\n<li><strong>An\u0131nda Etkinle\u015ftirme:<\/strong> Abonelikten sonra 10 dakika i\u00e7inde eri\u015fim sa\u011flay\u0131n. \u23f1\ufe0f<\/li>\n<\/ul>","protected":false},"excerpt":{"rendered":"<p>Rakipsiz e\u011flence d\u00fcnyas\u0131na a\u00e7\u0131lan kap\u0131n\u0131z IPTV Flash'tan IPTV PLATINUM ile dijital televizyonun zirvesini ke\u015ffedin. Esneklik ve kalite talep eden modern izleyiciler i\u00e7in tasarlanan IPTV PLATINUM paketimiz, bir y\u0131l boyunca ayn\u0131 anda en fazla \u00fc\u00e7 cihazda yay\u0131n izlemenize olanak tan\u0131r. Bu, nerede olursan\u0131z olun ve se\u00e7ti\u011finiz herhangi bir cihazda en sevdi\u011finiz programlar\u0131n, filmlerin, spor etkinliklerinin ve daha fazlas\u0131n\u0131n keyfini \u00e7\u0131karabilece\u011finiz anlam\u0131na gelir.<\/p>\n<h3>T\u00fcm Cihazlarda Sorunsuz Ak\u0131\u015f<\/h3>\n<p>\u0130ster evde, ister i\u015fte veya hareket halinde olun, IPTV PLATINUM en sevdi\u011finiz i\u00e7eriklerin hi\u00e7bir an\u0131n\u0131 ka\u00e7\u0131rmaman\u0131z\u0131 sa\u011flar. Ak\u0131ll\u0131 TV'ler, ak\u0131ll\u0131 telefonlar, tabletler ve bilgisayarlarla uyumlu olan bu paket, en \u00fcst d\u00fczeyde izleme rahatl\u0131\u011f\u0131 sunar. Aile \u00fcyeleriniz ki\u015fisel cihazlar\u0131nda en sevdikleri dizileri takip ederken, b\u00fcy\u00fck ekran\u0131n\u0131zda en son gi\u015fe rekorlar\u0131 k\u0131ran filmi izledi\u011finizi hayal edin. IPTV PLATINUM ile evinizdeki herkes kendi ki\u015fiselle\u015ftirilmi\u015f izleme deneyiminin keyfini \u00e7\u0131karabilir. \ufe0f<\/p>\n<h3>Kapsaml\u0131 Kanal Se\u00e7imi<\/h3>\n<p>IPTV PLATINUM size d\u00fcnyan\u0131n d\u00f6rt bir yan\u0131ndan geni\u015f bir kanal yelpazesi sunar. Canl\u0131 spor, son dakika haberleri ve \u00f6zel TV \u015fovlar\u0131 dahil olmak \u00fczere \u00e7ok \u00e7e\u015fitli e\u011flence se\u00e7eneklerinin keyfini \u00e7\u0131kar\u0131n. Kapsaml\u0131 kanal serimiz, her zevke ve tercihe hitap edecek \u015fekilde tasarlanm\u0131\u015ft\u0131r ve her zaman herkes i\u00e7in bir \u015feyler olmas\u0131n\u0131 sa\u011flar. Premium film kanallar\u0131ndan \u00f6zel spor a\u011flar\u0131na kadar, mevcut en iyi i\u00e7eri\u011fe eri\u015febileceksiniz.<\/p>\n<h3>Kristal Netli\u011finde Kalite ve G\u00fcvenilirlik<\/h3>\n<p>Minimum ara belle\u011fe alma ve \u0131\u015f\u0131k h\u0131z\u0131nda kanal de\u011fi\u015ftirme ile en y\u00fcksek kalitede yay\u0131n deneyimini ya\u015fay\u0131n. IPTV PLATINUM, kristal netli\u011finde g\u00f6r\u00fcnt\u00fc kalitesi ve g\u00fcvenilir performans sa\u011flamak \u00fczere tasarlanm\u0131\u015ft\u0131r. Geli\u015fmi\u015f teknolojimiz, her zaman sorunsuz ve kesintisiz izlemenin keyfini \u00e7\u0131karman\u0131z\u0131 sa\u011flar. HD ve 4K se\u00e7enekleri ile en sevdi\u011finiz programlar\u0131 \u00e7arp\u0131c\u0131 ayr\u0131nt\u0131larla izleyebilirsiniz. \u2728<\/p>\n<h3>Kolay Kurulum ve Kullan\u0131c\u0131 Dostu Aray\u00fcz<\/h3>\n<p>IPTV PLATINUM'u kurmak \u00e7ocuk oyunca\u011f\u0131. Kullan\u0131c\u0131 dostu aray\u00fcz\u00fcm\u00fcz, navigasyonu zahmetsiz hale getirmek i\u00e7in tasarlanm\u0131\u015ft\u0131r, b\u00f6ylece en sevdi\u011finiz i\u00e7eri\u011fin keyfini hemen \u00e7\u0131karmaya ba\u015flayabilirsiniz. Basit kurulum talimatlar\u0131n\u0131 izleyin ve k\u0131sa s\u00fcrede e\u011flence d\u00fcnyas\u0131na dalmaya haz\u0131r olacaks\u0131n\u0131z. Ayr\u0131ca, \u00f6zel m\u00fc\u015fteri destek ekibimiz her t\u00fcrl\u00fc sorunuzda size yard\u0131mc\u0131 olmak i\u00e7in her zaman haz\u0131rd\u0131r. \u200d<\/p>\n<h3>Premium \u0130\u00e7erik i\u00e7in Uygun Fiyatland\u0131rma<\/h3>\n<p>IPTV Flash olarak, birinci s\u0131n\u0131f e\u011flencenin herkes i\u00e7in eri\u015filebilir olmas\u0131 gerekti\u011fine inan\u0131yoruz. Bu nedenle IPTV PLATINUM paketimiz paran\u0131z\u0131n kar\u015f\u0131l\u0131\u011f\u0131n\u0131 ola\u011fan\u00fcst\u00fc bir \u015fekilde veriyor. Tek bir y\u0131ll\u0131k \u00fccret kar\u015f\u0131l\u0131\u011f\u0131nda binlerce kanala, iste\u011fe ba\u011fl\u0131 i\u00e7eri\u011fe ve birden fazla cihazda yay\u0131n izleme olana\u011f\u0131na eri\u015febilirsiniz. Aileler, oda arkada\u015flar\u0131 veya e\u011flence se\u00e7eneklerinin parmaklar\u0131n\u0131n ucunda olmas\u0131n\u0131 seven herkes i\u00e7in m\u00fckemmel bir \u00e7\u00f6z\u00fcmd\u00fcr.<\/p>\n<h3>G\u00fcvenli ve \u00d6zel G\u00f6r\u00fcnt\u00fcleme<\/h3>\n<p>Gizlili\u011finiz ve g\u00fcvenli\u011finiz bizim en \u00f6nemli \u00f6nceliklerimizdir. IPTV PLATINUM, \u015fifrelenmi\u015f ak\u0131\u015flar ve g\u00fcvenli ba\u011flant\u0131lar ile izleme al\u0131\u015fkanl\u0131klar\u0131n\u0131z\u0131n gizli kalmas\u0131n\u0131 sa\u011flar. Ki\u015fisel bilgilerinizin korundu\u011funu bilmenin huzurunu ya\u015fay\u0131n ve en \u00f6nemli \u015feye odaklanman\u0131za izin verin - e\u011flencenize. \ufe0f<\/p>\n<h3>TV \u0130zleme Devrimine Kat\u0131l\u0131n<\/h3>\n<p>IPTV Flash'tan IPTV PLATINUM ile televizyonun gelece\u011fini kucaklay\u0131n. Son teknoloji hizmetimizle izleme deneyimlerini d\u00f6n\u00fc\u015ft\u00fcren binlerce memnun m\u00fc\u015fteriye kat\u0131l\u0131n. \u0130ster bir film tutkunu, ister spor merakl\u0131s\u0131 olun, ister sadece \u00e7e\u015fitli TV \u015fovlar\u0131ndan ho\u015flan\u0131n, IPTV PLATINUM'da herkes i\u00e7in bir \u015feyler var. Yolculu\u011funuza bug\u00fcn ba\u015flay\u0131n ve e\u011flencenizi yeni zirvelere ta\u015f\u0131y\u0131n!<\/p>","protected":false},"featured_media":1263,"comment_status":"open","ping_status":"closed","template":"","meta":{"site-sidebar-layout":"default","site-content-layout":"","ast-site-content-layout":"default","site-content-style":"default","site-sidebar-style":"default","ast-global-header-display":"","ast-banner-title-visibility":"","ast-main-header-display":"","ast-hfb-above-header-display":"","ast-hfb-below-header-display":"","ast-hfb-mobile-header-display":"","site-post-title":"","ast-breadcrumbs-content":"","ast-featured-img":"","footer-sml-layout":"","ast-disable-related-posts":"","theme-transparent-header-meta":"default","adv-header-id-meta":"","stick-header-meta":"","header-above-stick-meta":"","header-main-stick-meta":"","header-below-stick-meta":"","astra-migrate-meta-layouts":"set","ast-page-background-enabled":"default","ast-page-background-meta":{"desktop":{"background-color":"var(--ast-global-color-4)","background-image":"","background-repeat":"repeat","background-position":"center center","background-size":"auto","background-attachment":"scroll","background-type":"","background-media":"","overlay-type":"","overlay-color":"","overlay-opacity":"","overlay-gradient":""},"tablet":{"background-color":"","background-image":"","background-repeat":"repeat","background-position":"center center","background-size":"auto","background-attachment":"scroll","background-type":"","background-media":"","overlay-type":"","overlay-color":"","overlay-opacity":"","overlay-gradient":""},"mobile":{"background-color":"","background-image":"","background-repeat":"repeat","background-position":"center center","background-size":"auto","background-attachment":"scroll","background-type":"","background-media":"","overlay-type":"","overlay-color":"","overlay-opacity":"","overlay-gradient":""}},"ast-content-background-meta":{"desktop":{"background-color":"var(--ast-global-color-5)","background-image":"","background-repeat":"repeat","background-position":"center center","background-size":"auto","background-attachment":"scroll","background-type":"","background-media":"","overlay-type":"","overlay-color":"","overlay-opacity":"","overlay-gradient":""},"tablet":{"background-color":"var(--ast-global-color-5)","background-image":"","background-repeat":"repeat","background-position":"center center","background-size":"auto","background-attachment":"scroll","background-type":"","background-media":"","overlay-type":"","overlay-color":"","overlay-opacity":"","overlay-gradient":""},"mobile":{"background-color":"var(--ast-global-color-5)","background-image":"","background-repeat":"repeat","background-position":"center center","background-size":"auto","background-attachment":"scroll","background-type":"","background-media":"","overlay-type":"","overlay-color":"","overlay-opacity":"","overlay-gradient":""}}},"product_brand":[],"product_cat":[22,20],"product_tag":[],"class_list":{"0":"post-170","1":"product","2":"type-product","3":"status-publish","4":"has-post-thumbnail","6":"product_cat-iptv-3-devices","7":"product_cat-iptv-subsciption","8":"desktop-align-left","9":"tablet-align-left","10":"mobile-align-left","12":"first","13":"instock","14":"sale","15":"virtual","16":"purchasable","17":"product-type-simple"},"_links":{"self":[{"href":"https:\/\/iptv-flash.com\/tr\/wp-json\/wp\/v2\/product\/170","targetHints":{"allow":["GET"]}}],"collection":[{"href":"https:\/\/iptv-flash.com\/tr\/wp-json\/wp\/v2\/product"}],"about":[{"href":"https:\/\/iptv-flash.com\/tr\/wp-json\/wp\/v2\/types\/product"}],"replies":[{"embeddable":true,"href":"https:\/\/iptv-flash.com\/tr\/wp-json\/wp\/v2\/comments?post=170"}],"wp:featuredmedia":[{"embeddable":true,"href":"https:\/\/iptv-flash.com\/tr\/wp-json\/wp\/v2\/media\/1263"}],"wp:attachment":[{"href":"https:\/\/iptv-flash.com\/tr\/wp-json\/wp\/v2\/media?parent=170"}],"wp:term":[{"taxonomy":"product_brand","embeddable":true,"href":"https:\/\/iptv-flash.com\/tr\/wp-json\/wp\/v2\/product_brand?post=170"},{"taxonomy":"product_cat","embeddable":true,"href":"https:\/\/iptv-flash.com\/tr\/wp-json\/wp\/v2\/product_cat?post=170"},{"taxonomy":"product_tag","embeddable":true,"href":"https:\/\/iptv-flash.com\/tr\/wp-json\/wp\/v2\/product_tag?post=170"}],"curies":[{"name":"wp","href":"https:\/\/api.w.org\/{rel}","templated":true}]}}