{"id":170,"date":"2024-06-10T09:11:33","date_gmt":"2024-06-10T09:11:33","guid":{"rendered":"https:\/\/iptv-flash.com\/?post_type=product&#038;p=170"},"modified":"2025-01-02T22:40:25","modified_gmt":"2025-01-02T22:40:25","slug":"iptv-platinum-3-manader","status":"publish","type":"product","link":"https:\/\/iptv-flash.com\/sv\/produkt\/iptv-platinum-3-manader\/","title":{"rendered":"IPTV PLATINUM - Multi-Device (3 enheter) - 3 m\u00e5nader"},"content":{"rendered":"<ul>\n<li><strong>Premium underh\u00e5llning:<\/strong> F\u00e5 tillg\u00e5ng till ett stort urval av kanaler, inklusive direkts\u00e4nd sport, filmer och exklusiva TV-program.<\/li>\n<li><strong>Streaming f\u00f6r flera enheter:<\/strong> Streama h\u00f6gkvalitativt inneh\u00e5ll p\u00e5 upp till <strong>tre enheter samtidigt.<\/strong> \ufe0f<\/li>\n<li><strong>Flexibel prenumeration:<\/strong> Njut av en m\u00e5nads underh\u00e5llning utan l\u00e5ngsiktiga \u00e5taganden.<\/li>\n<li><strong>Enkel installation:<\/strong> Snabb och anv\u00e4ndarv\u00e4nlig installation g\u00f6r att du kan b\u00f6rja titta direkt.<\/li>\n<li><strong>S\u00f6ml\u00f6s streaming:<\/strong> Upplev smidig, oavbruten visning med minimal buffring. \u2728<\/li>\n<li><strong>S\u00e4kra anslutningar:<\/strong> Krypterade str\u00f6mmar skyddar din integritet och dina data. \ufe0f\u200d\ufe0f<\/li>\n<li><strong>Obegr\u00e4nsad tillg\u00e5ng:<\/strong> F\u00e5 obegr\u00e4nsad tillg\u00e5ng till alla kanaler, filmer och serier.<\/li>\n<li><strong>Omedelbar aktivering:<\/strong> F\u00e5 tillg\u00e5ng inom 10 minuter efter prenumeration. \u23f1\ufe0f<\/li>\n<\/ul>","protected":false},"excerpt":{"rendered":"<p>Uppt\u00e4ck h\u00f6jdpunkten inom digital-tv med IPTV PLATINUM fr\u00e5n IPTV Flash, din port till en v\u00e4rld av o\u00f6vertr\u00e4ffad underh\u00e5llning. V\u00e5rt IPTV PLATINUM-paket \u00e4r utformat f\u00f6r moderna tittare som kr\u00e4ver flexibilitet och kvalitet och g\u00f6r att du kan streama p\u00e5 upp till tre enheter samtidigt under ett helt \u00e5r. Det betyder att du kan njuta av dina favoritprogram, filmer, sportevenemang och mycket mer, var du \u00e4n \u00e4r och p\u00e5 vilken enhet du \u00e4n v\u00e4ljer.<\/p>\n<h3>S\u00f6ml\u00f6s streaming p\u00e5 alla enheter<\/h3>\n<p>Oavsett om du \u00e4r hemma, p\u00e5 jobbet eller p\u00e5 spr\u00e5ng, ser IPTV PLATINUM till att du aldrig missar ett \u00f6gonblick av ditt favoritinneh\u00e5ll. Detta paket \u00e4r kompatibelt med smarta TV-apparater, smartphones, surfplattor och datorer och erbjuder den ultimata tittarv\u00e4nligheten. F\u00f6rest\u00e4ll dig att du tittar p\u00e5 den senaste storfilmen p\u00e5 din stora sk\u00e4rm medan dina familjemedlemmar tittar p\u00e5 sina favoritserier p\u00e5 sina personliga enheter. Med IPTV PLATINUM kan alla i ditt hush\u00e5ll njuta av sin egen personliga tittarupplevelse. \ufe0f<\/p>\n<h3>Omfattande urval av kanaler<\/h3>\n<p>IPTV PLATINUM ger dig ett omfattande urval av kanaler fr\u00e5n hela v\u00e4rlden. Njut av ett brett utbud av underh\u00e5llningsalternativ inklusive live-sport, senaste nytt och exklusiva TV-program. V\u00e5rt omfattande kanalutbud \u00e4r utformat f\u00f6r att tillgodose alla smaker och preferenser, vilket s\u00e4kerst\u00e4ller att det alltid finns n\u00e5got f\u00f6r alla. Fr\u00e5n premiumfilmkanaler till dedikerade sportn\u00e4tverk f\u00e5r du tillg\u00e5ng till det b\u00e4sta inneh\u00e5llet som finns tillg\u00e4ngligt.<\/p>\n<h3>Kristallklar kvalitet och tillf\u00f6rlitlighet<\/h3>\n<p>Upplev streaming av h\u00f6gsta kvalitet med minimal buffring och blixtsnabbt kanalbyte. IPTV PLATINUM \u00e4r konstruerad f\u00f6r att ge kristallklar bildkvalitet och p\u00e5litlig prestanda. V\u00e5r avancerade teknik s\u00e4kerst\u00e4ller att du alltid kan njuta av smidig, oavbruten visning. Med tillg\u00e4ngliga HD- och 4K-alternativ kan du titta p\u00e5 dina favoritprogram i fantastiska detaljer. \u2728<\/p>\n<h3>Enkel installation och anv\u00e4ndarv\u00e4nligt gr\u00e4nssnitt<\/h3>\n<p>Att st\u00e4lla in IPTV PLATINUM \u00e4r en bris. V\u00e5rt anv\u00e4ndarv\u00e4nliga gr\u00e4nssnitt \u00e4r utformat f\u00f6r att g\u00f6ra navigering enkel, s\u00e5 att du kan b\u00f6rja njuta av ditt favoritinneh\u00e5ll direkt. F\u00f6lj helt enkelt de enkla installationsinstruktionerna s\u00e5 \u00e4r du redo att dyka in i en v\u00e4rld av underh\u00e5llning p\u00e5 nolltid. Dessutom finns v\u00e5rt dedikerade kundsupportteam alltid till hands f\u00f6r att hj\u00e4lpa dig med alla fr\u00e5gor du kan t\u00e4nkas ha. \u200d<\/p>\n<h3>Prisv\u00e4rd priss\u00e4ttning f\u00f6r premiuminneh\u00e5ll<\/h3>\n<p>P\u00e5 IPTV Flash anser vi att premiumunderh\u00e5llning ska vara tillg\u00e4nglig f\u00f6r alla. Det \u00e4r d\u00e4rf\u00f6r v\u00e5rt IPTV PLATINUM-paket erbjuder exceptionellt v\u00e4rde f\u00f6r pengarna. F\u00f6r en enda \u00e5rsavgift f\u00e5r du tillg\u00e5ng till tusentals kanaler, inneh\u00e5ll p\u00e5 beg\u00e4ran och m\u00f6jlighet att streama p\u00e5 flera enheter. Det \u00e4r den perfekta l\u00f6sningen f\u00f6r familjer, rumskamrater eller alla som \u00e4lskar att ha underh\u00e5llningsalternativ n\u00e4ra till hands.<\/p>\n<h3>S\u00e4ker och privat visning<\/h3>\n<p>Din integritet och s\u00e4kerhet \u00e4r v\u00e5ra h\u00f6gsta prioriteringar. IPTV PLATINUM s\u00e4kerst\u00e4ller att dina tittarvanor f\u00f6rblir privata, med krypterade str\u00f6mmar och s\u00e4kra anslutningar. Du kan k\u00e4nna dig trygg med att din personliga information \u00e4r skyddad, s\u00e5 att du kan fokusera p\u00e5 det som betyder mest - din underh\u00e5llning. \ufe0f<\/p>\n<h3>Bli en del av revolutionen inom TV-tittande<\/h3>\n<p>Omfamna framtiden f\u00f6r tv med IPTV PLATINUM fr\u00e5n IPTV Flash. Anslut dig till tusentals n\u00f6jda kunder som har f\u00f6r\u00e4ndrat sin tittarupplevelse med v\u00e5r banbrytande tj\u00e4nst. Oavsett om du \u00e4r en filmfantast, sportentusiast eller helt enkelt njuter av en m\u00e4ngd olika TV-program, har IPTV PLATINUM n\u00e5got f\u00f6r alla. B\u00f6rja din resa idag och lyft din underh\u00e5llning till nya h\u00f6jder!<\/p>","protected":false},"featured_media":1263,"comment_status":"open","ping_status":"closed","template":"","meta":{"site-sidebar-layout":"default","site-content-layout":"","ast-site-content-layout":"default","site-content-style":"default","site-sidebar-style":"default","ast-global-header-display":"","ast-banner-title-visibility":"","ast-main-header-display":"","ast-hfb-above-header-display":"","ast-hfb-below-header-display":"","ast-hfb-mobile-header-display":"","site-post-title":"","ast-breadcrumbs-content":"","ast-featured-img":"","footer-sml-layout":"","ast-disable-related-posts":"","theme-transparent-header-meta":"default","adv-header-id-meta":"","stick-header-meta":"","header-above-stick-meta":"","header-main-stick-meta":"","header-below-stick-meta":"","astra-migrate-meta-layouts":"set","ast-page-background-enabled":"default","ast-page-background-meta":{"desktop":{"background-color":"var(--ast-global-color-4)","background-image":"","background-repeat":"repeat","background-position":"center center","background-size":"auto","background-attachment":"scroll","background-type":"","background-media":"","overlay-type":"","overlay-color":"","overlay-opacity":"","overlay-gradient":""},"tablet":{"background-color":"","background-image":"","background-repeat":"repeat","background-position":"center center","background-size":"auto","background-attachment":"scroll","background-type":"","background-media":"","overlay-type":"","overlay-color":"","overlay-opacity":"","overlay-gradient":""},"mobile":{"background-color":"","background-image":"","background-repeat":"repeat","background-position":"center center","background-size":"auto","background-attachment":"scroll","background-type":"","background-media":"","overlay-type":"","overlay-color":"","overlay-opacity":"","overlay-gradient":""}},"ast-content-background-meta":{"desktop":{"background-color":"var(--ast-global-color-5)","background-image":"","background-repeat":"repeat","background-position":"center center","background-size":"auto","background-attachment":"scroll","background-type":"","background-media":"","overlay-type":"","overlay-color":"","overlay-opacity":"","overlay-gradient":""},"tablet":{"background-color":"var(--ast-global-color-5)","background-image":"","background-repeat":"repeat","background-position":"center center","background-size":"auto","background-attachment":"scroll","background-type":"","background-media":"","overlay-type":"","overlay-color":"","overlay-opacity":"","overlay-gradient":""},"mobile":{"background-color":"var(--ast-global-color-5)","background-image":"","background-repeat":"repeat","background-position":"center center","background-size":"auto","background-attachment":"scroll","background-type":"","background-media":"","overlay-type":"","overlay-color":"","overlay-opacity":"","overlay-gradient":""}}},"product_brand":[],"product_cat":[22,20],"product_tag":[],"class_list":{"0":"post-170","1":"product","2":"type-product","3":"status-publish","4":"has-post-thumbnail","6":"product_cat-iptv-3-devices","7":"product_cat-iptv-subsciption","8":"desktop-align-left","9":"tablet-align-left","10":"mobile-align-left","12":"first","13":"instock","14":"sale","15":"virtual","16":"purchasable","17":"product-type-simple"},"_links":{"self":[{"href":"https:\/\/iptv-flash.com\/sv\/wp-json\/wp\/v2\/product\/170","targetHints":{"allow":["GET"]}}],"collection":[{"href":"https:\/\/iptv-flash.com\/sv\/wp-json\/wp\/v2\/product"}],"about":[{"href":"https:\/\/iptv-flash.com\/sv\/wp-json\/wp\/v2\/types\/product"}],"replies":[{"embeddable":true,"href":"https:\/\/iptv-flash.com\/sv\/wp-json\/wp\/v2\/comments?post=170"}],"wp:featuredmedia":[{"embeddable":true,"href":"https:\/\/iptv-flash.com\/sv\/wp-json\/wp\/v2\/media\/1263"}],"wp:attachment":[{"href":"https:\/\/iptv-flash.com\/sv\/wp-json\/wp\/v2\/media?parent=170"}],"wp:term":[{"taxonomy":"product_brand","embeddable":true,"href":"https:\/\/iptv-flash.com\/sv\/wp-json\/wp\/v2\/product_brand?post=170"},{"taxonomy":"product_cat","embeddable":true,"href":"https:\/\/iptv-flash.com\/sv\/wp-json\/wp\/v2\/product_cat?post=170"},{"taxonomy":"product_tag","embeddable":true,"href":"https:\/\/iptv-flash.com\/sv\/wp-json\/wp\/v2\/product_tag?post=170"}],"curies":[{"name":"wp","href":"https:\/\/api.w.org\/{rel}","templated":true}]}}