{"id":170,"date":"2024-06-10T09:11:33","date_gmt":"2024-06-10T09:11:33","guid":{"rendered":"https:\/\/iptv-flash.com\/?post_type=product&#038;p=170"},"modified":"2025-01-02T22:40:25","modified_gmt":"2025-01-02T22:40:25","slug":"iptv-platinum-3-mjeseca","status":"publish","type":"product","link":"https:\/\/iptv-flash.com\/hr\/proizvod\/iptv-platinum-3-mjeseca\/","title":{"rendered":"IPTV PLATINUM \u2013 Vi\u0161e ure\u0111aja (3 ure\u0111aja) \u2013 3 mjeseca"},"content":{"rendered":"<ul>\n<li><strong>Vrhunska zabava:<\/strong> Pristupite velikom izboru kanala, uklju\u010duju\u0107i sportove u\u017eivo, filmove i ekskluzivne TV emisije.<\/li>\n<li><strong>Streaming s vi\u0161e ure\u0111aja:<\/strong> Strujite sadr\u017eaj visoke kvalitete na do <strong>tri ure\u0111aja istovremeno.<\/strong> \ufe0f<\/li>\n<li><strong>Fleksibilna pretplata:<\/strong> U\u017eivajte u jednomjese\u010dnoj zabavi bez dugoro\u010dnih obaveza.<\/li>\n<li><strong>Jednostavno postavljanje:<\/strong> Brzo i korisniku jednostavno postavljanje osigurava da odmah po\u010dnete gledati.<\/li>\n<li><strong>Besprijekorno strujanje:<\/strong> Iskusite glatko, neprekinuto gledanje s minimalnim me\u0111uspremnikom. \u2728<\/li>\n<li><strong>Sigurne veze:<\/strong> \u0160ifrirani streamovi \u0161tite va\u0161u privatnost i podatke. \ufe0f\u200d\ufe0f<\/li>\n<li><strong>Neograni\u010den pristup:<\/strong> U\u017eivajte u neograni\u010denom pristupu svim kanalima, filmovima i serijama.<\/li>\n<li><strong>Trenuta\u010dna aktivacija:<\/strong> Ostvarite pristup unutar 10 minuta od pretplate. \u23f1\ufe0f<\/li>\n<\/ul>","protected":false},"excerpt":{"rendered":"<p>Otkrijte vrhunac digitalne televizije uz IPTV PLATINUM iz IPTV Flasha, va\u0161 ulaz u svijet zabave bez premca. Dizajniran za moderne gledatelje koji zahtijevaju fleksibilnost i kvalitetu, na\u0161 IPTV PLATINUM paket omogu\u0107uje vam streamanje na do tri ure\u0111aja istovremeno tijekom cijele godine. To zna\u010di da mo\u017eete u\u017eivati u svojim omiljenim emisijama, filmovima, sportskim doga\u0111ajima i jo\u0161 mnogo toga, gdje god se nalazili i na bilo kojem ure\u0111aju koji odaberete.<\/p>\n<h3>Besprijekorno strujanje na svim ure\u0111ajima<\/h3>\n<p>Bilo da ste kod ku\u0107e, na poslu ili u pokretu, IPTV PLATINUM osigurava da nikada ne propustite trenutak svog omiljenog sadr\u017eaja. Kompatibilan sa pametnim televizorima, pametnim telefonima, tabletima i ra\u010dunalima, ovaj paket nudi vrhunsku pogodnost gledanja. Zamislite da gledate najnoviji blockbuster na svom velikom ekranu dok \u010dlanovi va\u0161e obitelji prate svoje omiljene serije na svojim osobnim ure\u0111ajima. Uz IPTV PLATINUM, svatko u va\u0161em ku\u0107anstvu mo\u017ee u\u017eivati u vlastitom personaliziranom iskustvu gledanja. \ufe0f<\/p>\n<h3>Opse\u017ean izbor kanala<\/h3>\n<p>IPTV PLATINUM donosi \u0161irok izbor kanala iz cijelog svijeta. U\u017eivajte u velikom izboru zabavnih opcija uklju\u010duju\u0107i sportove u\u017eivo, najnovije vijesti i ekskluzivne TV emisije. Na\u0161a sveobuhvatna linija kanala osmi\u0161ljena je tako da zadovolji sve ukuse i preferencije, osiguravaju\u0107i da uvijek postoji ne\u0161to za svakoga. Od vrhunskih filmskih kanala do posve\u0107enih sportskih mre\u017ea, imat \u0107ete pristup najboljem dostupnom sadr\u017eaju.<\/p>\n<h3>Kristalno \u010dista kvaliteta i pouzdanost<\/h3>\n<p>Do\u017eivite strujanje najvi\u0161e kvalitete s minimalnim me\u0111uspremnikom i munjevito brzim prebacivanjem kanala. IPTV PLATINUM dizajniran je za pru\u017eanje kristalno jasne kvalitete slike i pouzdanih performansi. Na\u0161a napredna tehnologija osigurava da u svakom trenutku u\u017eivate u glatkom, neprekinutom gledanju. S dostupnim HD i 4K opcijama, mo\u017eete gledati svoje omiljene programe sa zapanjuju\u0107im detaljima. \u2728<\/p>\n<h3>Jednostavno postavljanje i korisni\u010dko su\u010delje<\/h3>\n<p>Postavljanje IPTV PLATINUM je povjetarac. Na\u0161e korisni\u010dko su\u010delje osmi\u0161ljeno je kako bi navigaciju u\u010dinilo jednostavnom, tako da mo\u017eete odmah po\u010deti u\u017eivati u svom omiljenom sadr\u017eaju. Jednostavno slijedite jednostavne upute za postavljanje i u trenu \u0107ete biti spremni uroniti u svijet zabave. Osim toga, na\u0161 namjenski tim za korisni\u010dku podr\u0161ku uvijek vam je na raspolaganju za pomo\u0107 u vezi s bilo kakvim upitima. \u200d<\/p>\n<h3>Pristupa\u010dne cijene za vrhunski sadr\u017eaj<\/h3>\n<p>U IPTV Flashu vjerujemo da bi vrhunska zabava trebala biti dostupna svima. Zato na\u0161 IPTV PLATINUM paket nudi izuzetnu vrijednost za novac. Za jednu godi\u0161nju naknadu dobivate pristup tisu\u0107ama kanala, sadr\u017eaj na zahtjev i mogu\u0107nost strujanja na vi\u0161e ure\u0111aja. To je savr\u0161eno rje\u0161enje za obitelji, cimere ili bilo koga tko voli imati mogu\u0107nosti zabave nadohvat ruke.<\/p>\n<h3>Sigurno i privatno gledanje<\/h3>\n<p>Va\u0161a privatnost i sigurnost na\u0161i su glavni prioriteti. IPTV PLATINUM osigurava da va\u0161e navike gledanja ostanu privatne, uz \u0161ifrirane streamove i sigurne veze. Budite bezbri\u017eni znaju\u0107i da su va\u0161i osobni podaci za\u0161ti\u0107eni, \u0161to vam omogu\u0107uje da se usredoto\u010dite na ono \u0161to je najva\u017enije \u2013 va\u0161u zabavu. \ufe0f<\/p>\n<h3>Pridru\u017eite se revoluciji gledanja TV-a<\/h3>\n<p>Prihvatite budu\u0107nost televizije uz IPTV PLATINUM iz IPTV Flasha. Pridru\u017eite se tisu\u0107ama zadovoljnih kupaca koji su transformirali svoje iskustvo gledanja uz na\u0161u vrhunsku uslugu. Bilo da ste filmofil, sportski entuzijast ili jednostavno u\u017eivate u raznim TV emisijama, IPTV PLATINUM ima za svakoga pone\u0161to. Zapo\u010dnite svoje putovanje danas i podignite svoju zabavu na nove visine!<\/p>","protected":false},"featured_media":1263,"comment_status":"open","ping_status":"closed","template":"","meta":{"site-sidebar-layout":"default","site-content-layout":"","ast-site-content-layout":"default","site-content-style":"default","site-sidebar-style":"default","ast-global-header-display":"","ast-banner-title-visibility":"","ast-main-header-display":"","ast-hfb-above-header-display":"","ast-hfb-below-header-display":"","ast-hfb-mobile-header-display":"","site-post-title":"","ast-breadcrumbs-content":"","ast-featured-img":"","footer-sml-layout":"","ast-disable-related-posts":"","theme-transparent-header-meta":"default","adv-header-id-meta":"","stick-header-meta":"","header-above-stick-meta":"","header-main-stick-meta":"","header-below-stick-meta":"","astra-migrate-meta-layouts":"set","ast-page-background-enabled":"default","ast-page-background-meta":{"desktop":{"background-color":"var(--ast-global-color-4)","background-image":"","background-repeat":"repeat","background-position":"center center","background-size":"auto","background-attachment":"scroll","background-type":"","background-media":"","overlay-type":"","overlay-color":"","overlay-opacity":"","overlay-gradient":""},"tablet":{"background-color":"","background-image":"","background-repeat":"repeat","background-position":"center center","background-size":"auto","background-attachment":"scroll","background-type":"","background-media":"","overlay-type":"","overlay-color":"","overlay-opacity":"","overlay-gradient":""},"mobile":{"background-color":"","background-image":"","background-repeat":"repeat","background-position":"center center","background-size":"auto","background-attachment":"scroll","background-type":"","background-media":"","overlay-type":"","overlay-color":"","overlay-opacity":"","overlay-gradient":""}},"ast-content-background-meta":{"desktop":{"background-color":"var(--ast-global-color-5)","background-image":"","background-repeat":"repeat","background-position":"center center","background-size":"auto","background-attachment":"scroll","background-type":"","background-media":"","overlay-type":"","overlay-color":"","overlay-opacity":"","overlay-gradient":""},"tablet":{"background-color":"var(--ast-global-color-5)","background-image":"","background-repeat":"repeat","background-position":"center center","background-size":"auto","background-attachment":"scroll","background-type":"","background-media":"","overlay-type":"","overlay-color":"","overlay-opacity":"","overlay-gradient":""},"mobile":{"background-color":"var(--ast-global-color-5)","background-image":"","background-repeat":"repeat","background-position":"center center","background-size":"auto","background-attachment":"scroll","background-type":"","background-media":"","overlay-type":"","overlay-color":"","overlay-opacity":"","overlay-gradient":""}}},"product_brand":[],"product_cat":[22,20],"product_tag":[],"class_list":{"0":"post-170","1":"product","2":"type-product","3":"status-publish","4":"has-post-thumbnail","6":"product_cat-iptv-3-devices","7":"product_cat-iptv-subsciption","8":"desktop-align-left","9":"tablet-align-left","10":"mobile-align-left","12":"first","13":"instock","14":"sale","15":"virtual","16":"purchasable","17":"product-type-simple"},"_links":{"self":[{"href":"https:\/\/iptv-flash.com\/hr\/wp-json\/wp\/v2\/product\/170","targetHints":{"allow":["GET"]}}],"collection":[{"href":"https:\/\/iptv-flash.com\/hr\/wp-json\/wp\/v2\/product"}],"about":[{"href":"https:\/\/iptv-flash.com\/hr\/wp-json\/wp\/v2\/types\/product"}],"replies":[{"embeddable":true,"href":"https:\/\/iptv-flash.com\/hr\/wp-json\/wp\/v2\/comments?post=170"}],"wp:featuredmedia":[{"embeddable":true,"href":"https:\/\/iptv-flash.com\/hr\/wp-json\/wp\/v2\/media\/1263"}],"wp:attachment":[{"href":"https:\/\/iptv-flash.com\/hr\/wp-json\/wp\/v2\/media?parent=170"}],"wp:term":[{"taxonomy":"product_brand","embeddable":true,"href":"https:\/\/iptv-flash.com\/hr\/wp-json\/wp\/v2\/product_brand?post=170"},{"taxonomy":"product_cat","embeddable":true,"href":"https:\/\/iptv-flash.com\/hr\/wp-json\/wp\/v2\/product_cat?post=170"},{"taxonomy":"product_tag","embeddable":true,"href":"https:\/\/iptv-flash.com\/hr\/wp-json\/wp\/v2\/product_tag?post=170"}],"curies":[{"name":"radni list","href":"https:\/\/api.w.org\/{rel}","templated":true}]}}