{"id":170,"date":"2024-06-10T09:11:33","date_gmt":"2024-06-10T09:11:33","guid":{"rendered":"https:\/\/iptv-flash.com\/?post_type=product&#038;p=170"},"modified":"2025-01-02T22:40:25","modified_gmt":"2025-01-02T22:40:25","slug":"iptv-platinum-3-mois","status":"publish","type":"product","link":"https:\/\/iptv-flash.com\/fr\/produit\/iptv-platinum-3-mois\/","title":{"rendered":"IPTV PLATINUM - Multi-appareils (3 appareils) - 3 mois"},"content":{"rendered":"<ul>\n<li><strong>Divertissement Premium :<\/strong> Acc\u00e9dez \u00e0 une vaste s\u00e9lection de cha\u00eenes, y compris des sports en direct, des films et des \u00e9missions de t\u00e9l\u00e9vision exclusives.<\/li>\n<li><strong>Streaming multi-appareils :<\/strong> Diffusion en continu de contenus de haute qualit\u00e9 sur jusqu'\u00e0 <strong>trois appareils simultan\u00e9ment.<\/strong> \ufe0f<\/li>\n<li><strong>Abonnement flexible :<\/strong> Profitez d'un mois de divertissement sans engagement \u00e0 long terme.<\/li>\n<li><strong>Installation facile :<\/strong> L'installation rapide et conviviale vous permet de commencer \u00e0 regarder imm\u00e9diatement.<\/li>\n<li><strong>Diffusion en continu :<\/strong> Profitez d'un visionnage fluide et ininterrompu avec une mise en m\u00e9moire tampon minimale. \u2728<\/li>\n<li><strong>Connexions s\u00e9curis\u00e9es :<\/strong> Les flux crypt\u00e9s prot\u00e8gent votre vie priv\u00e9e et vos donn\u00e9es. \ufe0f\u200d\ufe0f<\/li>\n<li><strong>Acc\u00e8s illimit\u00e9 :<\/strong> Profitez d'un acc\u00e8s illimit\u00e9 \u00e0 toutes les cha\u00eenes, films et s\u00e9ries.<\/li>\n<li><strong>Activation instantan\u00e9e :<\/strong> Acc\u00e8s dans les 10 minutes suivant l'inscription. \u23f1\ufe0f<\/li>\n<\/ul>","protected":false},"excerpt":{"rendered":"<p>D\u00e9couvrez le summum de la t\u00e9l\u00e9vision num\u00e9rique avec IPTV PLATINUM d'IPTV Flash, votre passerelle vers un monde de divertissement in\u00e9gal\u00e9. Con\u00e7ue pour les t\u00e9l\u00e9spectateurs modernes qui exigent flexibilit\u00e9 et qualit\u00e9, notre offre IPTV PLATINUM vous permet de regarder en streaming jusqu'\u00e0 trois appareils simultan\u00e9ment pendant une ann\u00e9e enti\u00e8re. Cela signifie que vous pouvez profiter de vos \u00e9missions, films, \u00e9v\u00e9nements sportifs et autres pr\u00e9f\u00e9r\u00e9s, o\u00f9 que vous soyez et sur l'appareil de votre choix.<\/p>\n<h3>Diffusion en continu sur tous les appareils<\/h3>\n<p>Que vous soyez \u00e0 la maison, au travail ou en d\u00e9placement, IPTV PLATINUM vous permet de ne jamais manquer un instant de vos contenus pr\u00e9f\u00e9r\u00e9s. Compatible avec les t\u00e9l\u00e9viseurs intelligents, les smartphones, les tablettes et les ordinateurs, ce forfait offre le nec plus ultra en mati\u00e8re de confort de visionnage. Imaginez que vous regardiez la derni\u00e8re superproduction sur votre grand \u00e9cran pendant que les membres de votre famille rattrapent leurs s\u00e9ries pr\u00e9f\u00e9r\u00e9es sur leurs appareils personnels. Avec IPTV PLATINUM, chaque membre de votre foyer peut profiter de sa propre exp\u00e9rience de visionnage personnalis\u00e9e. \ufe0f<\/p>\n<h3>Un vaste choix de canaux<\/h3>\n<p>IPTV PLATINUM vous offre une vaste s\u00e9lection de cha\u00eenes du monde entier. Profitez d'un large \u00e9ventail d'options de divertissement, notamment des sports en direct, des informations de derni\u00e8re minute et des \u00e9missions de t\u00e9l\u00e9vision exclusives. Notre gamme compl\u00e8te de cha\u00eenes est con\u00e7ue pour r\u00e9pondre \u00e0 tous les go\u00fbts et \u00e0 toutes les pr\u00e9f\u00e9rences, garantissant qu'il y aura toujours quelque chose pour tout le monde. Des cha\u00eenes de cin\u00e9ma premium aux r\u00e9seaux sportifs sp\u00e9cialis\u00e9s, vous aurez acc\u00e8s au meilleur contenu disponible.<\/p>\n<h3>Une qualit\u00e9 et une fiabilit\u00e9 irr\u00e9prochables<\/h3>\n<p>Faites l'exp\u00e9rience d'un streaming de la plus haute qualit\u00e9 avec une mise en m\u00e9moire tampon minimale et un changement de cha\u00eene rapide comme l'\u00e9clair. IPTV PLATINUM est con\u00e7u pour offrir une qualit\u00e9 d'image cristalline et des performances fiables. Notre technologie avanc\u00e9e vous garantit un visionnage fluide et ininterrompu \u00e0 tout moment. Avec les options HD et 4K disponibles, vous pouvez regarder vos programmes pr\u00e9f\u00e9r\u00e9s dans des d\u00e9tails \u00e9poustouflants. \u2728<\/p>\n<h3>Installation facile et interface conviviale<\/h3>\n<p>L'installation d'IPTV PLATINUM est un jeu d'enfant. Notre interface conviviale est con\u00e7ue pour faciliter la navigation et vous permettre de profiter imm\u00e9diatement de vos contenus pr\u00e9f\u00e9r\u00e9s. Suivez simplement les instructions d'installation et vous serez pr\u00eat \u00e0 plonger dans un monde de divertissement en un rien de temps. De plus, notre \u00e9quipe d'assistance client\u00e8le d\u00e9di\u00e9e est toujours \u00e0 votre disposition pour r\u00e9pondre \u00e0 vos questions. \u200d<\/p>\n<h3>Des prix abordables pour un contenu de qualit\u00e9<\/h3>\n<p>Chez IPTV Flash, nous pensons que le divertissement haut de gamme doit \u00eatre accessible \u00e0 tous. C'est pourquoi notre offre IPTV PLATINUM offre un rapport qualit\u00e9-prix exceptionnel. Pour une seule redevance annuelle, vous avez acc\u00e8s \u00e0 des milliers de cha\u00eenes, \u00e0 du contenu \u00e0 la demande et \u00e0 la possibilit\u00e9 de streamer sur plusieurs appareils. C'est la solution id\u00e9ale pour les familles, les colocataires et tous ceux qui aiment avoir des options de divertissement \u00e0 port\u00e9e de main.<\/p>\n<h3>Visualisation s\u00e9curis\u00e9e et priv\u00e9e<\/h3>\n<p>Votre vie priv\u00e9e et votre s\u00e9curit\u00e9 sont nos principales priorit\u00e9s. IPTV PLATINUM garantit la confidentialit\u00e9 de vos habitudes de visionnage, gr\u00e2ce \u00e0 des flux crypt\u00e9s et des connexions s\u00e9curis\u00e9es. Vous avez l'esprit tranquille en sachant que vos informations personnelles sont prot\u00e9g\u00e9es, ce qui vous permet de vous concentrer sur ce qui compte le plus : votre divertissement. \ufe0f<\/p>\n<h3>Rejoignez la r\u00e9volution de la t\u00e9l\u00e9vision<\/h3>\n<p>Adoptez l'avenir de la t\u00e9l\u00e9vision avec IPTV PLATINUM d'IPTV Flash. Rejoignez les milliers de clients satisfaits qui ont transform\u00e9 leur exp\u00e9rience t\u00e9l\u00e9visuelle gr\u00e2ce \u00e0 notre service de pointe. Que vous soyez cin\u00e9phile, sportif ou simplement amateur de s\u00e9ries t\u00e9l\u00e9vis\u00e9es, IPTV PLATINUM a quelque chose \u00e0 offrir \u00e0 chacun. Commencez votre voyage aujourd'hui et \u00e9levez votre divertissement \u00e0 de nouveaux sommets !<\/p>","protected":false},"featured_media":1263,"comment_status":"open","ping_status":"closed","template":"","meta":{"site-sidebar-layout":"default","site-content-layout":"","ast-site-content-layout":"default","site-content-style":"default","site-sidebar-style":"default","ast-global-header-display":"","ast-banner-title-visibility":"","ast-main-header-display":"","ast-hfb-above-header-display":"","ast-hfb-below-header-display":"","ast-hfb-mobile-header-display":"","site-post-title":"","ast-breadcrumbs-content":"","ast-featured-img":"","footer-sml-layout":"","ast-disable-related-posts":"","theme-transparent-header-meta":"default","adv-header-id-meta":"","stick-header-meta":"","header-above-stick-meta":"","header-main-stick-meta":"","header-below-stick-meta":"","astra-migrate-meta-layouts":"set","ast-page-background-enabled":"default","ast-page-background-meta":{"desktop":{"background-color":"var(--ast-global-color-4)","background-image":"","background-repeat":"repeat","background-position":"center center","background-size":"auto","background-attachment":"scroll","background-type":"","background-media":"","overlay-type":"","overlay-color":"","overlay-opacity":"","overlay-gradient":""},"tablet":{"background-color":"","background-image":"","background-repeat":"repeat","background-position":"center center","background-size":"auto","background-attachment":"scroll","background-type":"","background-media":"","overlay-type":"","overlay-color":"","overlay-opacity":"","overlay-gradient":""},"mobile":{"background-color":"","background-image":"","background-repeat":"repeat","background-position":"center center","background-size":"auto","background-attachment":"scroll","background-type":"","background-media":"","overlay-type":"","overlay-color":"","overlay-opacity":"","overlay-gradient":""}},"ast-content-background-meta":{"desktop":{"background-color":"var(--ast-global-color-5)","background-image":"","background-repeat":"repeat","background-position":"center center","background-size":"auto","background-attachment":"scroll","background-type":"","background-media":"","overlay-type":"","overlay-color":"","overlay-opacity":"","overlay-gradient":""},"tablet":{"background-color":"var(--ast-global-color-5)","background-image":"","background-repeat":"repeat","background-position":"center center","background-size":"auto","background-attachment":"scroll","background-type":"","background-media":"","overlay-type":"","overlay-color":"","overlay-opacity":"","overlay-gradient":""},"mobile":{"background-color":"var(--ast-global-color-5)","background-image":"","background-repeat":"repeat","background-position":"center center","background-size":"auto","background-attachment":"scroll","background-type":"","background-media":"","overlay-type":"","overlay-color":"","overlay-opacity":"","overlay-gradient":""}}},"product_brand":[],"product_cat":[22,20],"product_tag":[],"class_list":{"0":"post-170","1":"product","2":"type-product","3":"status-publish","4":"has-post-thumbnail","6":"product_cat-iptv-3-devices","7":"product_cat-iptv-subsciption","8":"desktop-align-left","9":"tablet-align-left","10":"mobile-align-left","12":"first","13":"instock","14":"sale","15":"virtual","16":"purchasable","17":"product-type-simple"},"_links":{"self":[{"href":"https:\/\/iptv-flash.com\/fr\/wp-json\/wp\/v2\/product\/170","targetHints":{"allow":["GET"]}}],"collection":[{"href":"https:\/\/iptv-flash.com\/fr\/wp-json\/wp\/v2\/product"}],"about":[{"href":"https:\/\/iptv-flash.com\/fr\/wp-json\/wp\/v2\/types\/product"}],"replies":[{"embeddable":true,"href":"https:\/\/iptv-flash.com\/fr\/wp-json\/wp\/v2\/comments?post=170"}],"wp:featuredmedia":[{"embeddable":true,"href":"https:\/\/iptv-flash.com\/fr\/wp-json\/wp\/v2\/media\/1263"}],"wp:attachment":[{"href":"https:\/\/iptv-flash.com\/fr\/wp-json\/wp\/v2\/media?parent=170"}],"wp:term":[{"taxonomy":"product_brand","embeddable":true,"href":"https:\/\/iptv-flash.com\/fr\/wp-json\/wp\/v2\/product_brand?post=170"},{"taxonomy":"product_cat","embeddable":true,"href":"https:\/\/iptv-flash.com\/fr\/wp-json\/wp\/v2\/product_cat?post=170"},{"taxonomy":"product_tag","embeddable":true,"href":"https:\/\/iptv-flash.com\/fr\/wp-json\/wp\/v2\/product_tag?post=170"}],"curies":[{"name":"wp","href":"https:\/\/api.w.org\/{rel}","templated":true}]}}